{"id":122,"date":"2023-08-07T12:28:46","date_gmt":"2023-08-07T10:28:46","guid":{"rendered":"https:\/\/conmentemolona.wordpress.com\/?page_id=122"},"modified":"2023-09-07T23:53:12","modified_gmt":"2023-09-07T21:53:12","slug":"mas-cosillas","status":"publish","type":"page","link":"https:\/\/conmentemolona.com\/index.php\/mas-cosillas\/","title":{"rendered":"Acerca de&#8230;"},"content":{"rendered":"<div class=\"wp-block-image\">\n<figure class=\"aligncenter size-large is-resized\"><img loading=\"lazy\" decoding=\"async\" src=\"https:\/\/conmentemolona.com\/wp-content\/uploads\/2023\/09\/balance_mindfulness_4-1024x682.png\" alt=\"\" class=\"wp-image-598\" style=\"width:294px;height:196px\" width=\"294\" height=\"196\" srcset=\"https:\/\/conmentemolona.com\/wp-content\/uploads\/2023\/09\/balance_mindfulness_4-1024x682.png 1024w, https:\/\/conmentemolona.com\/wp-content\/uploads\/2023\/09\/balance_mindfulness_4-300x200.png 300w, https:\/\/conmentemolona.com\/wp-content\/uploads\/2023\/09\/balance_mindfulness_4-768x512.png 768w, https:\/\/conmentemolona.com\/wp-content\/uploads\/2023\/09\/balance_mindfulness_4-450x300.png 450w, https:\/\/conmentemolona.com\/wp-content\/uploads\/2023\/09\/balance_mindfulness_4.png 1280w\" sizes=\"auto, (max-width: 294px) 100vw, 294px\" \/><\/figure>\n<\/div>\n\n\n<p class=\"has-text-align-justify\">Me llamo Miguel \u00c1ngel, y soy maestro en un precioso colegio en un pueblecito en las cercan\u00edas de Madrid. Me considero una persona con una mente inquieta e investigadora, obsesionado con el bienestar social y con mi trabajo. Esto me ha llevado a dos cosas: aprender much\u00edsimo sobre todo aquello que me parece interesante, sobre productividad personal y a buscar sobre todo mi&nbsp;<strong>RENTABILIDAD VITAL.<\/strong><\/p>\n\n\n\n<p class=\"has-text-align-justify\"><br>Mientras trabajaba en educaci\u00f3n, decid\u00ed dar un giro radical a mi vida aprendiendo a vivir con menos a todos los niveles: material, inmaterial, compromisos, deudas y estr\u00e9s. Ese nuevo camino me llev\u00f3 a comprender que dedicando mi tiempo de ocio a buscar aquello que realmente me apasiona; cada d\u00eda me siento&nbsp;<strong>m\u00e1s FELIZ, m\u00e1s PRESENTE<\/strong>&nbsp;en todos los sentidos: mente, cuerpo y alma. Necesitaba exprimir la vida y tom\u00e9 mi decisi\u00f3n de vivir haciendo lo que m\u00e1s me gusta: escribir y comunicar.<\/p>\n\n\n\n<p class=\"has-text-align-justify\"><br>He empezado a leer sobre los temas que me inquietan, a estudiar todo aquello que me atrae, a investigar y profundizar de manera intensa, y me estoy atreviendo a grabar mis primeros podcasts, y a escribir mis primeros art\u00edculos. Para ello, he empezado creando este blog; para compartir con el mundo mi experiencia en todo aquello que me parece interesante. Es mi huella tecnol\u00f3gica la que quiero plasmar en estos posts.<\/p>\n\n\n\n<p class=\"has-text-align-justify\"><br>Siempre he defendido y defiendo una vida sencilla que se pueda disfrutar cada d\u00eda al m\u00e1ximo. Creo que no existe un camino recto e inamovible en la vida, si no que siempre podemos reinventarnos y aprender a andar por nuevos caminos. Cada error nos acerca m\u00e1s al pr\u00f3ximo acierto.<\/p>\n","protected":false},"excerpt":{"rendered":"<p>Me llamo Miguel \u00c1ngel, y soy maestro en un precioso colegio en un pueblecito en las cercan\u00edas de Madrid. Me considero una persona con una mente inquieta e investigadora, obsesionado con el bienestar social y con mi trabajo. Esto me ha llevado a dos cosas: aprender much\u00edsimo sobre todo aquello que me parece interesante, sobre&#8230;<\/p>\n","protected":false},"author":2,"featured_media":0,"parent":0,"menu_order":0,"comment_status":"closed","ping_status":"closed","template":"","meta":{"footnotes":""},"class_list":["post-122","page","type-page","status-publish","hentry"],"jetpack_sharing_enabled":true,"jetpack_shortlink":"https:\/\/wp.me\/Pf6w9x-1Y","_links":{"self":[{"href":"https:\/\/conmentemolona.com\/index.php\/wp-json\/wp\/v2\/pages\/122","targetHints":{"allow":["GET"]}}],"collection":[{"href":"https:\/\/conmentemolona.com\/index.php\/wp-json\/wp\/v2\/pages"}],"about":[{"href":"https:\/\/conmentemolona.com\/index.php\/wp-json\/wp\/v2\/types\/page"}],"author":[{"embeddable":true,"href":"https:\/\/conmentemolona.com\/index.php\/wp-json\/wp\/v2\/users\/2"}],"replies":[{"embeddable":true,"href":"https:\/\/conmentemolona.com\/index.php\/wp-json\/wp\/v2\/comments?post=122"}],"version-history":[{"count":0,"href":"https:\/\/conmentemolona.com\/index.php\/wp-json\/wp\/v2\/pages\/122\/revisions"}],"wp:attachment":[{"href":"https:\/\/conmentemolona.com\/index.php\/wp-json\/wp\/v2\/media?parent=122"}],"curies":[{"name":"wp","href":"https:\/\/api.w.org\/{rel}","templated":true}]}}