{"id":602,"date":"2023-09-06T21:21:28","date_gmt":"2023-09-06T19:21:28","guid":{"rendered":"https:\/\/conmentemolona.com\/?page_id=602"},"modified":"2023-09-09T14:29:26","modified_gmt":"2023-09-09T12:29:26","slug":"etiquetas-2","status":"publish","type":"page","link":"https:\/\/conmentemolona.com\/index.php\/etiquetas-2\/","title":{"rendered":"Etiquetas&#8230;"},"content":{"rendered":"\n<div class=\"wp-block-cover\" style=\"min-height:529px;aspect-ratio:unset;\"><span aria-hidden=\"true\" class=\"wp-block-cover__background has-background-dim\"><\/span><img loading=\"lazy\" decoding=\"async\" width=\"262\" height=\"234\" class=\"wp-block-cover__image-background wp-image-617\" alt=\"\" src=\"https:\/\/conmentemolona.com\/wp-content\/uploads\/2023\/09\/image-14-1.png\" data-object-fit=\"cover\"\/><div class=\"wp-block-cover__inner-container is-layout-flow wp-block-cover-is-layout-flow\">\n<p class=\"has-text-align-center has-large-font-size\"><\/p>\n\n\n\n<p class=\"has-text-align-center has-medium-font-size\">En esta p\u00e1gina podr\u00e1s descubrir los diferentes temas de este blog clasificados por temas.<\/p>\n\n\n\n<p class=\"has-text-align-center has-medium-font-size\">Haz clic en la categor\u00eda que m\u00e1s inter\u00e9s tenga para ti y disfruta lo que en ellas se encuentra encerrado&#8230;<\/p>\n\n\n\n<div class=\"wp-block-buttons is-content-justification-center is-layout-flex wp-container-core-buttons-is-layout-16018d1d wp-block-buttons-is-layout-flex\">\n<div class=\"wp-block-button\"><a class=\"wp-block-button__link has-white-color has-text-color has-text-align-center wp-element-button\" href=\"https:\/\/conmentemolona.com\/?newsmaticargs=custom&amp;posts=random\" target=\"_blank\" rel=\"noreferrer noopener\">Clic aqu\u00ed<\/a><\/div>\n<\/div>\n<\/div><\/div>\n\n\n<p style=\"font-style:normal;font-weight:500;text-transform:none;\" class=\"is-style-outline wp-block-tag-cloud\"><a href=\"https:\/\/conmentemolona.com\/index.php\/tag\/chi-kung-o-qi-gong\/\" class=\"tag-cloud-link tag-link-11 tag-link-position-1\" style=\"font-size: 8pt;\" aria-label=\"Chi kung o Qi Gong (1 elemento)\">Chi kung o Qi Gong<\/a>\n<a href=\"https:\/\/conmentemolona.com\/index.php\/tag\/cuentos-mindfulness\/\" class=\"tag-cloud-link tag-link-12 tag-link-position-2\" style=\"font-size: 16.448275862069pt;\" aria-label=\"Cuentos Mindfulness (9 elementos)\">Cuentos Mindfulness<\/a>\n<a href=\"https:\/\/conmentemolona.com\/index.php\/tag\/ejercicios-mindfulness\/\" class=\"tag-cloud-link tag-link-26 tag-link-position-3\" style=\"font-size: 11.620689655172pt;\" aria-label=\"ejercicios mindfulness (3 elementos)\">ejercicios mindfulness<\/a>\n<a href=\"https:\/\/conmentemolona.com\/index.php\/tag\/empieza-por-aqui\/\" class=\"tag-cloud-link tag-link-13 tag-link-position-4\" style=\"font-size: 11.620689655172pt;\" aria-label=\"Empieza por aqu\u00ed (3 elementos)\">Empieza por aqu\u00ed<\/a>\n<a href=\"https:\/\/conmentemolona.com\/index.php\/tag\/mandalas\/\" class=\"tag-cloud-link tag-link-14 tag-link-position-5\" style=\"font-size: 8pt;\" aria-label=\"Mandalas (1 elemento)\">Mandalas<\/a>\n<a href=\"https:\/\/conmentemolona.com\/index.php\/tag\/meditaciones\/\" class=\"tag-cloud-link tag-link-15 tag-link-position-6\" style=\"font-size: 15.241379310345pt;\" aria-label=\"Meditaciones (7 elementos)\">Meditaciones<\/a>\n<a href=\"https:\/\/conmentemolona.com\/index.php\/tag\/mindfulness\/\" class=\"tag-cloud-link tag-link-16 tag-link-position-7\" style=\"font-size: 13.793103448276pt;\" aria-label=\"Mindfulness (5 elementos)\">Mindfulness<\/a>\n<a href=\"https:\/\/conmentemolona.com\/index.php\/tag\/relatos\/\" class=\"tag-cloud-link tag-link-17 tag-link-position-8\" style=\"font-size: 22pt;\" aria-label=\"Relatos (28 elementos)\">Relatos<\/a>\n<a href=\"https:\/\/conmentemolona.com\/index.php\/tag\/visualizaciones\/\" class=\"tag-cloud-link tag-link-24 tag-link-position-9\" style=\"font-size: 8pt;\" aria-label=\"Visualizaciones (1 elemento)\">Visualizaciones<\/a><\/p>\n\n\n<p><\/p>\n","protected":false},"excerpt":{"rendered":"","protected":false},"author":1,"featured_media":0,"parent":0,"menu_order":0,"comment_status":"closed","ping_status":"closed","template":"","meta":{"footnotes":""},"class_list":["post-602","page","type-page","status-publish","hentry"],"jetpack_sharing_enabled":true,"jetpack_shortlink":"https:\/\/wp.me\/Pf6w9x-9I","_links":{"self":[{"href":"https:\/\/conmentemolona.com\/index.php\/wp-json\/wp\/v2\/pages\/602","targetHints":{"allow":["GET"]}}],"collection":[{"href":"https:\/\/conmentemolona.com\/index.php\/wp-json\/wp\/v2\/pages"}],"about":[{"href":"https:\/\/conmentemolona.com\/index.php\/wp-json\/wp\/v2\/types\/page"}],"author":[{"embeddable":true,"href":"https:\/\/conmentemolona.com\/index.php\/wp-json\/wp\/v2\/users\/1"}],"replies":[{"embeddable":true,"href":"https:\/\/conmentemolona.com\/index.php\/wp-json\/wp\/v2\/comments?post=602"}],"version-history":[{"count":4,"href":"https:\/\/conmentemolona.com\/index.php\/wp-json\/wp\/v2\/pages\/602\/revisions"}],"predecessor-version":[{"id":793,"href":"https:\/\/conmentemolona.com\/index.php\/wp-json\/wp\/v2\/pages\/602\/revisions\/793"}],"wp:attachment":[{"href":"https:\/\/conmentemolona.com\/index.php\/wp-json\/wp\/v2\/media?parent=602"}],"curies":[{"name":"wp","href":"https:\/\/api.w.org\/{rel}","templated":true}]}}