{"id":750,"date":"2023-09-09T13:10:20","date_gmt":"2023-09-09T11:10:20","guid":{"rendered":"https:\/\/conmentemolona.com\/?page_id=750"},"modified":"2023-09-09T13:48:26","modified_gmt":"2023-09-09T11:48:26","slug":"reto-de-21-dias-creando-abundancia","status":"publish","type":"page","link":"https:\/\/conmentemolona.com\/index.php\/reto-de-21-dias-creando-abundancia\/","title":{"rendered":"Reto de 21 d\u00edas \u00abCreando Abundancia\u00bb"},"content":{"rendered":"\n<p class=\"has-text-align-justify\">Disfruta de una Meditaci\u00f3n guiada durante 21 d\u00edas junto con Deepak Chopra y totalmente traducida al espa\u00f1ol, donde descubrir\u00e1s el potencial en ti para crear abundancia. <\/p>\n\n\n\n<p class=\"has-text-align-left has-cyan-bluish-gray-background-color has-background has-small-font-size\" style=\"font-style:italic;font-weight:700;text-transform:capitalize\">D\u00eda 1 &#8211; LA REALIDAD DE LA ABUNDANCIA <\/p>\n\n\n\n<p class=\"has-text-align-left has-cyan-bluish-gray-background-color has-background has-small-font-size\" style=\"font-style:italic;font-weight:700;text-transform:capitalize\">D\u00eda 2 &#8211; LA FUENTE DE TODA LA ABUNDANCIA <\/p>\n\n\n\n<p class=\"has-text-align-left has-cyan-bluish-gray-background-color has-background has-small-font-size\" style=\"font-style:italic;font-weight:700;text-transform:capitalize\">D\u00eda 3 &#8211; MENTE, MATERIA Y ESP\u00cdRITU <\/p>\n\n\n\n<p class=\"has-text-align-left has-cyan-bluish-gray-background-color has-background has-small-font-size\" style=\"font-style:italic;font-weight:700;text-transform:capitalize\">D\u00eda 4 &#8211; LA CONCIENCIA PURA <\/p>\n\n\n\n<p class=\"has-text-align-left has-cyan-bluish-gray-background-color has-background has-small-font-size\" style=\"font-style:italic;font-weight:700;text-transform:capitalize\">D\u00eda 5 &#8211; EL CAMPO DE TODAS LAS POSIBILIDADES <\/p>\n\n\n\n<p class=\"has-text-align-left has-cyan-bluish-gray-background-color has-background has-small-font-size\" style=\"font-style:italic;font-weight:700;text-transform:capitalize\">D\u00eda 6 &#8211; LAS SEMILLAS DEL \u00c9XITO <\/p>\n\n\n\n<p class=\"has-text-align-left has-cyan-bluish-gray-background-color has-background has-small-font-size\" style=\"font-style:italic;font-weight:700;text-transform:capitalize\">D\u00eda 7 &#8211; EL CUMPLIMIENTO ESPONT\u00c1NEO DE UN DESEO <\/p>\n\n\n\n<p class=\"has-text-align-left has-cyan-bluish-gray-background-color has-background has-small-font-size\" style=\"font-style:italic;font-weight:700;text-transform:capitalize\">D\u00eda 8 &#8211; LA ABUNDANCIA Y LA LEY DE LA POTENCIALIDAD PURA <\/p>\n\n\n\n<p class=\"has-text-align-left has-cyan-bluish-gray-background-color has-background has-small-font-size\" style=\"font-style:italic;font-weight:700;text-transform:capitalize\">D\u00eda 9 &#8211; LA ABUNDANCIA Y LA LEY DEL DAR <\/p>\n\n\n\n<p class=\"has-text-align-left has-cyan-bluish-gray-background-color has-background has-small-font-size\" style=\"font-style:italic;font-weight:700;text-transform:capitalize\">D\u00eda 10 &#8211; LA ABUNDANCIA Y LA LEY DEL KARMA <\/p>\n\n\n\n<p class=\"has-text-align-left has-cyan-bluish-gray-background-color has-background has-small-font-size\" style=\"font-style:italic;font-weight:700;text-transform:capitalize\">D\u00eda 11 &#8211; LA ABUNDANCIA Y LA LEY DEL MENOR ESFUERZO <\/p>\n\n\n\n<p class=\"has-text-align-left has-cyan-bluish-gray-background-color has-background has-small-font-size\" style=\"font-style:italic;font-weight:700;text-transform:capitalize\">D\u00eda 12 &#8211; LA ABUNDANCIA Y LA LEY DE LA INTENCI\u00d3N Y EL DESEO <\/p>\n\n\n\n<p class=\"has-text-align-left has-cyan-bluish-gray-background-color has-background has-small-font-size\" style=\"font-style:italic;font-weight:700;text-transform:capitalize\">D\u00eda 13 &#8211; LA ABUNDANCIA Y LA LEY DEL DESAPEGO <\/p>\n\n\n\n<p class=\"has-text-align-left has-cyan-bluish-gray-background-color has-background has-small-font-size\" style=\"font-style:italic;font-weight:700;text-transform:capitalize\">D\u00eda 14 &#8211; LA LEY DEL DHARMA <\/p>\n\n\n\n<p class=\"has-text-align-left has-cyan-bluish-gray-background-color has-background has-small-font-size\" style=\"font-style:italic;font-weight:700;text-transform:capitalize\">D\u00eda 15 &#8211; VIVIR EL SINCRODESTINO <\/p>\n\n\n\n<p class=\"has-text-align-left has-cyan-bluish-gray-background-color has-background has-small-font-size\" style=\"font-style:italic;font-weight:700;text-transform:capitalize\">D\u00eda 16 &#8211; VIVIR AGRADECIDOS <\/p>\n\n\n\n<p class=\"has-text-align-left has-cyan-bluish-gray-background-color has-background has-small-font-size\" style=\"font-style:italic;font-weight:700;text-transform:capitalize\">D\u00eda 17 &#8211; VIVIR SIN  PREOCUPACIONES <\/p>\n\n\n\n<p class=\"has-text-align-left has-cyan-bluish-gray-background-color has-background has-small-font-size\" style=\"font-style:italic;font-weight:700;text-transform:capitalize\">D\u00eda 18 &#8211; VIVIR LA  UNIDAD <\/p>\n\n\n\n<p class=\"has-text-align-left has-cyan-bluish-gray-background-color has-background has-small-font-size\" style=\"font-style:italic;font-weight:700;text-transform:capitalize\">D\u00eda 19 &#8211; VIVIR  EL AMOR <\/p>\n\n\n\n<p class=\"has-text-align-left has-cyan-bluish-gray-background-color has-background has-small-font-size\" style=\"font-style:italic;font-weight:700;text-transform:capitalize\">D\u00eda 20 &#8211; VIVIENDO LUJOSAMENTE <\/p>\n\n\n\n<p class=\"has-text-align-left has-cyan-bluish-gray-background-color has-background has-small-font-size\" style=\"font-style:italic;font-weight:700;text-transform:capitalize\">D\u00eda 21 &#8211; VIVIR  ABUNDANTEMENTE Material Extra <\/p>\n\n\n\n<p class=\"has-text-align-left has-cyan-bluish-gray-background-color has-background has-small-font-size\" style=\"font-style:italic;font-weight:700;text-transform:capitalize\">D\u00eda 22 &#8211; FELICIDAD Y HUMANIDAD<\/p>\n\n\n\n<div class=\"wp-block-columns is-layout-flex wp-container-core-columns-is-layout-9d6595d7 wp-block-columns-is-layout-flex\">\n<div class=\"wp-block-column is-layout-flow wp-block-column-is-layout-flow\" style=\"flex-basis:105%\">\n<iframe loading=\"lazy\" width=\"560\" height=\"315\" src=\"https:\/\/www.youtube.com\/embed\/videoseries?list=PL2yXmtybExQ-JdKy85mmwhSwxzmE3txVl&#038;rel=0\" title=\"YouTube video player\" frameborder=\"0\" allow=\"accelerometer; autoplay; clipboard-write; encrypted-media; gyroscope; picture-in-picture; web-share\" allowfullscreen><\/iframe>\n<\/div>\n\n\n\n<div class=\"wp-block-column is-layout-flow wp-block-column-is-layout-flow\" style=\"flex-basis:50%\">\n<p class=\"has-light-green-cyan-background-color has-background\">Aqu\u00ed puedes acceder a la lista de reproducci\u00f3n del Reto de 21 d\u00edas \u00abCreando Abundancia\u00bb de Deepak Chopra en espa\u00f1ol.<\/p>\n\n\n\n<p><\/p>\n<\/div>\n<\/div>\n\n\n\n<div class=\"wp-block-columns are-vertically-aligned-top is-layout-flex wp-container-core-columns-is-layout-9d6595d7 wp-block-columns-is-layout-flex\">\n<div class=\"wp-block-column is-vertically-aligned-top is-layout-flow wp-block-column-is-layout-flow\">\n<figure class=\"wp-block-embed is-type-video is-provider-youtube wp-block-embed-youtube wp-embed-aspect-16-9 wp-has-aspect-ratio\"><div class=\"wp-block-embed__wrapper\">\n<iframe loading=\"lazy\" title=\"\ud83e\uddd8\u200d\u2642\ufe0f Di\u0301a 1 - Meditacio\u0301n Guiada - CREANDO ABUNDANCIA con Deepak Chopra\" width=\"640\" height=\"360\" src=\"https:\/\/www.youtube.com\/embed\/voxy5ik2VVc?feature=oembed\" frameborder=\"0\" allow=\"accelerometer; autoplay; clipboard-write; encrypted-media; gyroscope; picture-in-picture; web-share\" referrerpolicy=\"strict-origin-when-cross-origin\" allowfullscreen><\/iframe>\n<\/div><\/figure>\n<\/div>\n\n\n\n<div class=\"wp-block-column is-vertically-aligned-top is-layout-flow wp-block-column-is-layout-flow\">\n<figure class=\"wp-block-embed is-type-video is-provider-youtube wp-block-embed-youtube wp-embed-aspect-16-9 wp-has-aspect-ratio\"><div class=\"wp-block-embed__wrapper\">\n<iframe loading=\"lazy\" title=\"\ud83e\uddd8\u200d\u2642\ufe0f Di\u0301a 2 - Meditacio\u0301n Guiada - CREANDO ABUNDANCIA con Deepak Chopra\" width=\"640\" height=\"360\" src=\"https:\/\/www.youtube.com\/embed\/Q6noJO99VOg?list=PL2yXmtybExQ-JdKy85mmwhSwxzmE3txVl\" frameborder=\"0\" allow=\"accelerometer; autoplay; clipboard-write; encrypted-media; gyroscope; picture-in-picture; web-share\" referrerpolicy=\"strict-origin-when-cross-origin\" allowfullscreen><\/iframe>\n<\/div><\/figure>\n<\/div>\n<\/div>\n\n\n\n<div class=\"wp-block-columns is-layout-flex wp-container-core-columns-is-layout-9d6595d7 wp-block-columns-is-layout-flex\">\n<div class=\"wp-block-column is-layout-flow wp-block-column-is-layout-flow\">\n<figure class=\"wp-block-embed is-type-video is-provider-youtube wp-block-embed-youtube wp-embed-aspect-16-9 wp-has-aspect-ratio\"><div class=\"wp-block-embed__wrapper\">\n<iframe loading=\"lazy\" title=\"\ud83e\uddd8\u200d\u2642\ufe0f Di\u0301a 3 - Meditacio\u0301n Guiada - CREANDO ABUNDANCIA con Deepak Chopra\" width=\"640\" height=\"360\" src=\"https:\/\/www.youtube.com\/embed\/q1XU_El0DUc?list=PL2yXmtybExQ-JdKy85mmwhSwxzmE3txVl\" frameborder=\"0\" allow=\"accelerometer; autoplay; clipboard-write; encrypted-media; gyroscope; picture-in-picture; web-share\" referrerpolicy=\"strict-origin-when-cross-origin\" allowfullscreen><\/iframe>\n<\/div><\/figure>\n<\/div>\n\n\n\n<div class=\"wp-block-column is-layout-flow wp-block-column-is-layout-flow\">\n<figure class=\"wp-block-embed is-type-video is-provider-youtube wp-block-embed-youtube wp-embed-aspect-16-9 wp-has-aspect-ratio\"><div class=\"wp-block-embed__wrapper\">\n<iframe loading=\"lazy\" title=\"\ud83e\uddd8\u200d\u2642\ufe0f Di\u0301a 4 - Meditacio\u0301n Guiada - CREANDO ABUNDANCIA con Deepak Chopra\" width=\"640\" height=\"360\" src=\"https:\/\/www.youtube.com\/embed\/ldEvEVKNB4Y?list=PL2yXmtybExQ-JdKy85mmwhSwxzmE3txVl\" frameborder=\"0\" allow=\"accelerometer; autoplay; clipboard-write; encrypted-media; gyroscope; picture-in-picture; web-share\" referrerpolicy=\"strict-origin-when-cross-origin\" allowfullscreen><\/iframe>\n<\/div><\/figure>\n<\/div>\n<\/div>\n\n\n\n<div class=\"wp-block-columns is-layout-flex wp-container-core-columns-is-layout-9d6595d7 wp-block-columns-is-layout-flex\">\n<div class=\"wp-block-column is-layout-flow wp-block-column-is-layout-flow\">\n<figure class=\"wp-block-embed is-type-video is-provider-youtube wp-block-embed-youtube wp-embed-aspect-16-9 wp-has-aspect-ratio\"><div class=\"wp-block-embed__wrapper\">\n<iframe loading=\"lazy\" title=\"\ud83e\uddd8\u200d\u2642\ufe0f Di\u0301a 5 - Meditacio\u0301n Guiada - CREANDO ABUNDANCIA con Deepak Chopra\" width=\"640\" height=\"360\" src=\"https:\/\/www.youtube.com\/embed\/SnqaG5ZUiO8?list=PL2yXmtybExQ-JdKy85mmwhSwxzmE3txVl\" frameborder=\"0\" allow=\"accelerometer; autoplay; clipboard-write; encrypted-media; gyroscope; picture-in-picture; web-share\" referrerpolicy=\"strict-origin-when-cross-origin\" allowfullscreen><\/iframe>\n<\/div><\/figure>\n<\/div>\n\n\n\n<div class=\"wp-block-column is-layout-flow wp-block-column-is-layout-flow\">\n<figure class=\"wp-block-embed is-type-video is-provider-youtube wp-block-embed-youtube wp-embed-aspect-16-9 wp-has-aspect-ratio\"><div class=\"wp-block-embed__wrapper\">\n<iframe loading=\"lazy\" title=\"\ud83e\uddd8\u200d\u2642\ufe0f Di\u0301a 6 - Meditacio\u0301n Guiada - CREANDO ABUNDANCIA con Deepak Chopra\" width=\"640\" height=\"360\" src=\"https:\/\/www.youtube.com\/embed\/6Xn6ORHCcAw?list=PL2yXmtybExQ-JdKy85mmwhSwxzmE3txVl\" frameborder=\"0\" allow=\"accelerometer; autoplay; clipboard-write; encrypted-media; gyroscope; picture-in-picture; web-share\" referrerpolicy=\"strict-origin-when-cross-origin\" allowfullscreen><\/iframe>\n<\/div><\/figure>\n<\/div>\n<\/div>\n\n\n\n<div class=\"wp-block-columns is-layout-flex wp-container-core-columns-is-layout-9d6595d7 wp-block-columns-is-layout-flex\">\n<div class=\"wp-block-column is-layout-flow wp-block-column-is-layout-flow\">\n<figure class=\"wp-block-embed is-type-video is-provider-youtube wp-block-embed-youtube wp-embed-aspect-16-9 wp-has-aspect-ratio\"><div class=\"wp-block-embed__wrapper\">\n<iframe loading=\"lazy\" title=\"\ud83e\uddd8\u200d\u2642\ufe0f Di\u0301a 7 - Meditacio\u0301n Guiada - CREANDO ABUNDANCIA con Deepak Chopra\" width=\"640\" height=\"360\" src=\"https:\/\/www.youtube.com\/embed\/1djiV95fq18?list=PL2yXmtybExQ-JdKy85mmwhSwxzmE3txVl\" frameborder=\"0\" allow=\"accelerometer; autoplay; clipboard-write; encrypted-media; gyroscope; picture-in-picture; web-share\" referrerpolicy=\"strict-origin-when-cross-origin\" allowfullscreen><\/iframe>\n<\/div><\/figure>\n<\/div>\n\n\n\n<div class=\"wp-block-column is-layout-flow wp-block-column-is-layout-flow\">\n<figure class=\"wp-block-embed is-type-video is-provider-youtube wp-block-embed-youtube wp-embed-aspect-16-9 wp-has-aspect-ratio\"><div class=\"wp-block-embed__wrapper\">\n<iframe loading=\"lazy\" title=\"\ud83e\uddd8\u200d\u2642\ufe0f Di\u0301a 8 - Meditacio\u0301n Guiada - CREANDO ABUNDANCIA con Deepak Chopra\" width=\"640\" height=\"360\" src=\"https:\/\/www.youtube.com\/embed\/1IneoUjHea8?list=PL2yXmtybExQ-JdKy85mmwhSwxzmE3txVl\" frameborder=\"0\" allow=\"accelerometer; autoplay; clipboard-write; encrypted-media; gyroscope; picture-in-picture; web-share\" referrerpolicy=\"strict-origin-when-cross-origin\" allowfullscreen><\/iframe>\n<\/div><\/figure>\n<\/div>\n<\/div>\n\n\n\n<div class=\"wp-block-columns is-layout-flex wp-container-core-columns-is-layout-9d6595d7 wp-block-columns-is-layout-flex\">\n<div class=\"wp-block-column is-layout-flow wp-block-column-is-layout-flow\">\n<figure class=\"wp-block-embed is-type-video is-provider-youtube wp-block-embed-youtube wp-embed-aspect-16-9 wp-has-aspect-ratio\"><div class=\"wp-block-embed__wrapper\">\n<iframe loading=\"lazy\" title=\"\ud83e\uddd8\u200d\u2642\ufe0f Di\u0301a 9 - Meditacio\u0301n Guiada - CREANDO ABUNDANCIA con Deepak Chopra\" width=\"640\" height=\"360\" src=\"https:\/\/www.youtube.com\/embed\/WnrOTlFwaQM?list=PL2yXmtybExQ-JdKy85mmwhSwxzmE3txVl\" frameborder=\"0\" allow=\"accelerometer; autoplay; clipboard-write; encrypted-media; gyroscope; picture-in-picture; web-share\" referrerpolicy=\"strict-origin-when-cross-origin\" allowfullscreen><\/iframe>\n<\/div><\/figure>\n<\/div>\n\n\n\n<div class=\"wp-block-column is-layout-flow wp-block-column-is-layout-flow\">\n<figure class=\"wp-block-embed is-type-video is-provider-youtube wp-block-embed-youtube wp-embed-aspect-16-9 wp-has-aspect-ratio\"><div class=\"wp-block-embed__wrapper\">\n<iframe loading=\"lazy\" title=\"\ud83e\uddd8\u200d\u2642\ufe0f Di\u0301a 10 - Meditacio\u0301n Guiada - CREANDO ABUNDANCIA con Deepak Chopra\" width=\"640\" height=\"360\" src=\"https:\/\/www.youtube.com\/embed\/Rp6O7JCs1L8?list=PL2yXmtybExQ-JdKy85mmwhSwxzmE3txVl\" frameborder=\"0\" allow=\"accelerometer; autoplay; clipboard-write; encrypted-media; gyroscope; picture-in-picture; web-share\" referrerpolicy=\"strict-origin-when-cross-origin\" allowfullscreen><\/iframe>\n<\/div><\/figure>\n<\/div>\n<\/div>\n\n\n\n<div class=\"wp-block-columns is-layout-flex wp-container-core-columns-is-layout-9d6595d7 wp-block-columns-is-layout-flex\">\n<div class=\"wp-block-column is-layout-flow wp-block-column-is-layout-flow\">\n<figure class=\"wp-block-embed is-type-video is-provider-youtube wp-block-embed-youtube wp-embed-aspect-16-9 wp-has-aspect-ratio\"><div class=\"wp-block-embed__wrapper\">\n<iframe loading=\"lazy\" title=\"\ud83e\uddd8\u200d\u2642\ufe0f Di\u0301a 11 - Meditacio\u0301n Guiada - CREANDO ABUNDANCIA con Deepak Chopra\" width=\"640\" height=\"360\" src=\"https:\/\/www.youtube.com\/embed\/u85Yl9XoLVE?list=PL2yXmtybExQ-JdKy85mmwhSwxzmE3txVl\" frameborder=\"0\" allow=\"accelerometer; autoplay; clipboard-write; encrypted-media; gyroscope; picture-in-picture; web-share\" referrerpolicy=\"strict-origin-when-cross-origin\" allowfullscreen><\/iframe>\n<\/div><\/figure>\n<\/div>\n\n\n\n<div class=\"wp-block-column is-layout-flow wp-block-column-is-layout-flow\">\n<figure class=\"wp-block-embed is-type-video is-provider-youtube wp-block-embed-youtube wp-embed-aspect-16-9 wp-has-aspect-ratio\"><div class=\"wp-block-embed__wrapper\">\n<iframe loading=\"lazy\" title=\"\ud83e\uddd8\u200d\u2642\ufe0f Di\u0301a 12 - Meditacio\u0301n Guiada - CREANDO ABUNDANCIA con Deepak Chopra\" width=\"640\" height=\"360\" src=\"https:\/\/www.youtube.com\/embed\/SjGgTeCs77w?list=PL2yXmtybExQ-JdKy85mmwhSwxzmE3txVl\" frameborder=\"0\" allow=\"accelerometer; autoplay; clipboard-write; encrypted-media; gyroscope; picture-in-picture; web-share\" referrerpolicy=\"strict-origin-when-cross-origin\" allowfullscreen><\/iframe>\n<\/div><\/figure>\n<\/div>\n<\/div>\n\n\n\n<div class=\"wp-block-columns is-layout-flex wp-container-core-columns-is-layout-9d6595d7 wp-block-columns-is-layout-flex\">\n<div class=\"wp-block-column is-layout-flow wp-block-column-is-layout-flow\">\n<figure class=\"wp-block-embed is-type-video is-provider-youtube wp-block-embed-youtube wp-embed-aspect-16-9 wp-has-aspect-ratio\"><div class=\"wp-block-embed__wrapper\">\n<iframe loading=\"lazy\" title=\"\ud83e\uddd8\u200d\u2642\ufe0f Di\u0301a 13 - Meditacio\u0301n Guiada - CREANDO ABUNDANCIA con Deepak Chopra\" width=\"640\" height=\"360\" src=\"https:\/\/www.youtube.com\/embed\/hhjo9hZnKxc?list=PL2yXmtybExQ-JdKy85mmwhSwxzmE3txVl\" frameborder=\"0\" allow=\"accelerometer; autoplay; clipboard-write; encrypted-media; gyroscope; picture-in-picture; web-share\" referrerpolicy=\"strict-origin-when-cross-origin\" allowfullscreen><\/iframe>\n<\/div><\/figure>\n<\/div>\n\n\n\n<div class=\"wp-block-column is-layout-flow wp-block-column-is-layout-flow\">\n<figure class=\"wp-block-embed is-type-video is-provider-youtube wp-block-embed-youtube wp-embed-aspect-16-9 wp-has-aspect-ratio\"><div class=\"wp-block-embed__wrapper\">\n<iframe loading=\"lazy\" title=\"\ud83e\uddd8\u200d\u2642\ufe0f Di\u0301a 14 - Meditacio\u0301n Guiada - CREANDO ABUNDANCIA con Deepak Chopra\" width=\"640\" height=\"360\" src=\"https:\/\/www.youtube.com\/embed\/RAWJ8bA86lc?list=PL2yXmtybExQ-JdKy85mmwhSwxzmE3txVl\" frameborder=\"0\" allow=\"accelerometer; autoplay; clipboard-write; encrypted-media; gyroscope; picture-in-picture; web-share\" referrerpolicy=\"strict-origin-when-cross-origin\" allowfullscreen><\/iframe>\n<\/div><\/figure>\n<\/div>\n<\/div>\n\n\n\n<div class=\"wp-block-columns is-layout-flex wp-container-core-columns-is-layout-9d6595d7 wp-block-columns-is-layout-flex\">\n<div class=\"wp-block-column is-layout-flow wp-block-column-is-layout-flow\">\n<figure class=\"wp-block-embed is-type-video is-provider-youtube wp-block-embed-youtube wp-embed-aspect-16-9 wp-has-aspect-ratio\"><div class=\"wp-block-embed__wrapper\">\n<iframe loading=\"lazy\" title=\"\ud83e\uddd8\u200d\u2642\ufe0f Di\u0301a 15 - Meditacio\u0301n Guiada - CREANDO ABUNDANCIA con Deepak Chopra\" width=\"640\" height=\"360\" src=\"https:\/\/www.youtube.com\/embed\/RoD5B1jkEh8?list=PL2yXmtybExQ-JdKy85mmwhSwxzmE3txVl\" frameborder=\"0\" allow=\"accelerometer; autoplay; clipboard-write; encrypted-media; gyroscope; picture-in-picture; web-share\" referrerpolicy=\"strict-origin-when-cross-origin\" allowfullscreen><\/iframe>\n<\/div><\/figure>\n<\/div>\n\n\n\n<div class=\"wp-block-column is-layout-flow wp-block-column-is-layout-flow\">\n<figure class=\"wp-block-embed is-type-video is-provider-youtube wp-block-embed-youtube wp-embed-aspect-16-9 wp-has-aspect-ratio\"><div class=\"wp-block-embed__wrapper\">\n<iframe loading=\"lazy\" title=\"\ud83e\uddd8\u200d\u2642\ufe0f Di\u0301a 16 - Meditacio\u0301n Guiada - CREANDO ABUNDANCIA con Deepak Chopra\" width=\"640\" height=\"360\" src=\"https:\/\/www.youtube.com\/embed\/ZqGDD4JK-9c?list=PL2yXmtybExQ-JdKy85mmwhSwxzmE3txVl\" frameborder=\"0\" allow=\"accelerometer; autoplay; clipboard-write; encrypted-media; gyroscope; picture-in-picture; web-share\" referrerpolicy=\"strict-origin-when-cross-origin\" allowfullscreen><\/iframe>\n<\/div><\/figure>\n<\/div>\n<\/div>\n\n\n\n<div class=\"wp-block-columns is-layout-flex wp-container-core-columns-is-layout-9d6595d7 wp-block-columns-is-layout-flex\">\n<div class=\"wp-block-column is-layout-flow wp-block-column-is-layout-flow\">\n<figure class=\"wp-block-embed is-type-video is-provider-youtube wp-block-embed-youtube wp-embed-aspect-16-9 wp-has-aspect-ratio\"><div class=\"wp-block-embed__wrapper\">\n<iframe loading=\"lazy\" title=\"\ud83e\uddd8\u200d\u2642\ufe0f Di\u0301a 17 - Meditacio\u0301n Guiada - CREANDO ABUNDANCIA con Deepak Chopra\" width=\"640\" height=\"360\" src=\"https:\/\/www.youtube.com\/embed\/4EPzWdj90mw?list=PL2yXmtybExQ-JdKy85mmwhSwxzmE3txVl\" frameborder=\"0\" allow=\"accelerometer; autoplay; clipboard-write; encrypted-media; gyroscope; picture-in-picture; web-share\" referrerpolicy=\"strict-origin-when-cross-origin\" allowfullscreen><\/iframe>\n<\/div><\/figure>\n<\/div>\n\n\n\n<div class=\"wp-block-column is-layout-flow wp-block-column-is-layout-flow\">\n<figure class=\"wp-block-embed is-type-video is-provider-youtube wp-block-embed-youtube wp-embed-aspect-16-9 wp-has-aspect-ratio\"><div class=\"wp-block-embed__wrapper\">\n<iframe loading=\"lazy\" title=\"\ud83e\uddd8\u200d\u2642\ufe0f Di\u0301a 18 - Meditacio\u0301n Guiada - CREANDO ABUNDANCIA con Deepak Chopra\" width=\"640\" height=\"360\" src=\"https:\/\/www.youtube.com\/embed\/jMiypZO7rZc?list=PL2yXmtybExQ-JdKy85mmwhSwxzmE3txVl\" frameborder=\"0\" allow=\"accelerometer; autoplay; clipboard-write; encrypted-media; gyroscope; picture-in-picture; web-share\" referrerpolicy=\"strict-origin-when-cross-origin\" allowfullscreen><\/iframe>\n<\/div><\/figure>\n<\/div>\n<\/div>\n\n\n\n<div class=\"wp-block-columns is-layout-flex wp-container-core-columns-is-layout-9d6595d7 wp-block-columns-is-layout-flex\">\n<div class=\"wp-block-column is-layout-flow wp-block-column-is-layout-flow\">\n<figure class=\"wp-block-embed is-type-video is-provider-youtube wp-block-embed-youtube wp-embed-aspect-16-9 wp-has-aspect-ratio\"><div class=\"wp-block-embed__wrapper\">\n<iframe loading=\"lazy\" title=\"\ud83e\uddd8\u200d\u2642\ufe0f Di\u0301a 19 - Meditacio\u0301n Guiada - CREANDO ABUNDANCIA con Deepak Chopra\" width=\"640\" height=\"360\" src=\"https:\/\/www.youtube.com\/embed\/jv_uYH6Zcd0?list=PL2yXmtybExQ-JdKy85mmwhSwxzmE3txVl\" frameborder=\"0\" allow=\"accelerometer; autoplay; clipboard-write; encrypted-media; gyroscope; picture-in-picture; web-share\" referrerpolicy=\"strict-origin-when-cross-origin\" allowfullscreen><\/iframe>\n<\/div><\/figure>\n<\/div>\n\n\n\n<div class=\"wp-block-column is-layout-flow wp-block-column-is-layout-flow\">\n<figure class=\"wp-block-embed is-type-video is-provider-youtube wp-block-embed-youtube wp-embed-aspect-16-9 wp-has-aspect-ratio\"><div class=\"wp-block-embed__wrapper\">\n<iframe loading=\"lazy\" title=\"Dia 20 Reto 21 d\u00edas\ud83e\uddd8\u200d\u2642\ufe0f Di\u0301a 20 - Meditacio\u0301n Guiada - CREANDO ABUNDANCIA con Deepak Chopra\" width=\"640\" height=\"360\" src=\"https:\/\/www.youtube.com\/embed\/9Z-75lipyvY?list=PL2yXmtybExQ-JdKy85mmwhSwxzmE3txVl\" frameborder=\"0\" allow=\"accelerometer; autoplay; clipboard-write; encrypted-media; gyroscope; picture-in-picture; web-share\" referrerpolicy=\"strict-origin-when-cross-origin\" allowfullscreen><\/iframe>\n<\/div><\/figure>\n<\/div>\n<\/div>\n\n\n\n<div class=\"wp-block-columns is-layout-flex wp-container-core-columns-is-layout-9d6595d7 wp-block-columns-is-layout-flex\">\n<div class=\"wp-block-column is-layout-flow wp-block-column-is-layout-flow\">\n<figure class=\"wp-block-embed is-type-video is-provider-youtube wp-block-embed-youtube wp-embed-aspect-16-9 wp-has-aspect-ratio\"><div class=\"wp-block-embed__wrapper\">\n<iframe loading=\"lazy\" title=\"\ud83e\uddd8\u200d\u2642\ufe0f Di\u0301a 21 - Meditacio\u0301n Guiada - CREANDO ABUNDANCIA con Deepak Chopra\" width=\"640\" height=\"360\" src=\"https:\/\/www.youtube.com\/embed\/o_pnVtVDL9w?list=PL2yXmtybExQ-JdKy85mmwhSwxzmE3txVl\" frameborder=\"0\" allow=\"accelerometer; autoplay; clipboard-write; encrypted-media; gyroscope; picture-in-picture; web-share\" referrerpolicy=\"strict-origin-when-cross-origin\" allowfullscreen><\/iframe>\n<\/div><\/figure>\n<\/div>\n\n\n\n<div class=\"wp-block-column is-layout-flow wp-block-column-is-layout-flow\">\n<figure class=\"wp-block-embed is-type-video is-provider-youtube wp-block-embed-youtube wp-embed-aspect-16-9 wp-has-aspect-ratio\"><div class=\"wp-block-embed__wrapper\">\n<iframe loading=\"lazy\" title=\"\ud83e\uddd8\u200d\u2642\ufe0f EXTRA: Di\u0301a 22 - Meditacio\u0301n Guiada - CREANDO ABUNDANCIA con Deepak Chopra\" width=\"640\" height=\"360\" src=\"https:\/\/www.youtube.com\/embed\/BDjOi58fXNI?list=PL2yXmtybExQ-JdKy85mmwhSwxzmE3txVl\" frameborder=\"0\" allow=\"accelerometer; autoplay; clipboard-write; encrypted-media; gyroscope; picture-in-picture; web-share\" referrerpolicy=\"strict-origin-when-cross-origin\" allowfullscreen><\/iframe>\n<\/div><\/figure>\n<\/div>\n<\/div>\n","protected":false},"excerpt":{"rendered":"<p>Disfruta de una Meditaci\u00f3n guiada durante 21 d\u00edas junto con Deepak Chopra y totalmente traducida al espa\u00f1ol, donde descubrir\u00e1s el potencial en ti para crear abundancia. D\u00eda 1 &#8211; LA REALIDAD DE LA ABUNDANCIA D\u00eda 2 &#8211; LA FUENTE DE TODA LA ABUNDANCIA D\u00eda 3 &#8211; MENTE, MATERIA Y ESP\u00cdRITU D\u00eda 4 &#8211; LA CONCIENCIA&#8230;<\/p>\n","protected":false},"author":1,"featured_media":784,"parent":0,"menu_order":0,"comment_status":"closed","ping_status":"closed","template":"","meta":{"footnotes":""},"class_list":["post-750","page","type-page","status-publish","has-post-thumbnail","hentry"],"jetpack_sharing_enabled":true,"jetpack_shortlink":"https:\/\/wp.me\/Pf6w9x-c6","_links":{"self":[{"href":"https:\/\/conmentemolona.com\/index.php\/wp-json\/wp\/v2\/pages\/750","targetHints":{"allow":["GET"]}}],"collection":[{"href":"https:\/\/conmentemolona.com\/index.php\/wp-json\/wp\/v2\/pages"}],"about":[{"href":"https:\/\/conmentemolona.com\/index.php\/wp-json\/wp\/v2\/types\/page"}],"author":[{"embeddable":true,"href":"https:\/\/conmentemolona.com\/index.php\/wp-json\/wp\/v2\/users\/1"}],"replies":[{"embeddable":true,"href":"https:\/\/conmentemolona.com\/index.php\/wp-json\/wp\/v2\/comments?post=750"}],"version-history":[{"count":1,"href":"https:\/\/conmentemolona.com\/index.php\/wp-json\/wp\/v2\/pages\/750\/revisions"}],"predecessor-version":[{"id":768,"href":"https:\/\/conmentemolona.com\/index.php\/wp-json\/wp\/v2\/pages\/750\/revisions\/768"}],"wp:featuredmedia":[{"embeddable":true,"href":"https:\/\/conmentemolona.com\/index.php\/wp-json\/wp\/v2\/media\/784"}],"wp:attachment":[{"href":"https:\/\/conmentemolona.com\/index.php\/wp-json\/wp\/v2\/media?parent=750"}],"curies":[{"name":"wp","href":"https:\/\/api.w.org\/{rel}","templated":true}]}}